
{"id":1523,"date":"2022-07-29T14:56:08","date_gmt":"2022-07-29T11:56:08","guid":{"rendered":"https:\/\/www.szekeres.ro\/?page_id=1523"},"modified":"2026-03-29T18:05:14","modified_gmt":"2026-03-29T15:05:14","slug":"english-transylvanian-heraldic-and-vexillological-association","status":"publish","type":"page","link":"https:\/\/www.szekeres.ro\/index.php\/english-transylvanian-heraldic-and-vexillological-association\/","title":{"rendered":"Erd\u00e9lyi C\u00edmer- \u00e9s Z\u00e1szl\u00f3tudom\u00e1nyi Egyes\u00fclet"},"content":{"rendered":"<p><strong>a \u00a0Geneal\u00f3giai \u00e9s Heraldikai Vil\u00e1gsz\u00f6vets\u00e9g, valamint a<\/strong><\/p>\n<h4 class=\"fcim26\">Z\u00e1szl\u00f3tudom\u00e1nyi Egyes\u00fcletek Vil\u00e1gsz\u00f6vets\u00e9g\u00e9nek tagja<\/h4>\n<p>Az Erd\u00e9lyi C\u00edmer- \u00e9s Z\u00e1szl\u00f3tudom\u00e1nyi Egyes\u00fclet c\u00e9lja az erd\u00e9lyi t\u00f6rt\u00e9nelmi jelk\u00e9pek \u2013 c\u00edmerek, pecs\u00e9tek, z\u00e1szl\u00f3k \u2013 kutat\u00e1sa, \u00e9s a kutat\u00e1si eredm\u00e9nyek n\u00e9pszer\u0171s\u00edt\u00e9se hazai magyar \u00e9s rom\u00e1n nyelv\u0171, magyarorsz\u00e1gi, valamint nemzetk\u00f6zi konferenci\u00e1kon, hazai \u00e9s k\u00fclf\u00f6ldi foly\u00f3iratokban. Tov\u00e1bb\u00e1 tematikus konferenci\u00e1k szervez\u00e9se, saj\u00e1t kiadv\u00e1nyok megjelentet\u00e9se. Az egyes\u00fclet tan\u00e1csad\u00e1st is v\u00e1llal, seg\u00edt a k\u00f6zigazgat\u00e1si egys\u00e9gek c\u00edmer\u00e9nek \u00e9s z\u00e1szlaj\u00e1nak megtervez\u00e9s\u00e9ben. Az egyes\u00fclet szorgalmazza a t\u00f6rt\u00e9nelmi jelk\u00e9pek haszn\u00e1lat\u00e1t, \u00e9s hat\u00e1rozottan ki\u00e1ll a t\u00f6bb \u00e9vsz\u00e1zados szimb\u00f3lumok v\u00e1ltozatlan alkalmaz\u00e1s\u00e1\u00e9rt.<\/p>\n<p><img loading=\"lazy\" class=\"aligncenter wp-image-1301 size-medium\" src=\"https:\/\/www.szekeres.ro\/wp-content\/uploads\/2010\/04\/Herald-Vexil-211x300.jpg\" alt=\"\" width=\"211\" height=\"300\" srcset=\"https:\/\/www.szekeres.ro\/wp-content\/uploads\/2010\/04\/Herald-Vexil-211x300.jpg 211w, https:\/\/www.szekeres.ro\/wp-content\/uploads\/2010\/04\/Herald-Vexil-721x1024.jpg 721w\" sizes=\"(max-width: 211px) 100vw, 211px\" \/><\/p>\n<p>Az egyes\u00fclet eln\u00f6ke dr. Szekeres Attila Istv\u00e1n heraldikus, a Nemzetk\u00f6zi C\u00edmertani Akad\u00e9mia tagja<\/p>\n<p><strong>Kapcsolat:<\/strong> <em>herald.vexil [kukac] gmail.com<\/em><\/p>\n<h3 class=\"fcim26\">A Z\u00e1szl\u00f3tudom\u00e1nyi Egyes\u00fcletek Vil\u00e1gsz\u00f6vets\u00e9g\u00e9nek tagja<\/h3>\n<p><img loading=\"lazy\" class=\"aligncenter size-large wp-image-1556\" src=\"https:\/\/www.szekeres.ro\/wp-content\/uploads\/2022\/08\/FIAV-oklevel-1-1024x783.jpg\" alt=\"\" width=\"450\" height=\"344\" srcset=\"https:\/\/www.szekeres.ro\/wp-content\/uploads\/2022\/08\/FIAV-oklevel-1-1024x783.jpg 1024w, https:\/\/www.szekeres.ro\/wp-content\/uploads\/2022\/08\/FIAV-oklevel-1-300x230.jpg 300w, https:\/\/www.szekeres.ro\/wp-content\/uploads\/2022\/08\/FIAV-oklevel-1-768x588.jpg 768w, https:\/\/www.szekeres.ro\/wp-content\/uploads\/2022\/08\/FIAV-oklevel-1.jpg 1800w\" sizes=\"(max-width: 450px) 100vw, 450px\" \/><\/p>\n<p class=\"body\">A Z\u00e1szl\u00f3tudom\u00e1nyi Egyes\u00fcletek Vil\u00e1gsz\u00f6vets\u00e9g\u00e9nek (<strong>F\u00e9d\u00e9ration internationale des associations vexillologiques \u2013 FIAV<\/strong>) tagj\u00e1v\u00e1 fogadt\u00e1k az Erd\u00e9lyi C\u00edmer- \u00e9s Z\u00e1szl\u00f3tudom\u00e1nyi Egyes\u00fcletet, hat\u00e1rozott a Vil\u00e1gsz\u00f6vets\u00e9g Ljubljan\u00e1ban tartott k\u00f6zgy\u0171l\u00e9se. Ez\u00e1ltal a sepsiszentgy\u00f6rgyi sz\u00e9khely\u0171 szervezet a FIAV egyetlen rom\u00e1niai akt\u00edv tagj\u00e1v\u00e1 v\u00e1lt.<\/p>\n<p class=\"body\">A FIAV k\u00f6zgy\u0171l\u00e9s\u00e9t a <strong>Szlov\u00e9nia f\u0151v\u00e1ros\u00e1ban szervezett, 2022. j\u00falius 11\u201315-e k\u00f6z\u00f6tt zajl\u00f3 29. Z\u00e1szl\u00f3tudom\u00e1nyi Vil\u00e1gkongresszus<\/strong> keret\u00e9ben tartott\u00e1k j\u00falius 12-\u00e1n d\u00e9lut\u00e1n. Az Erd\u00e9lyi C\u00edmer- \u00e9s Z\u00e1szl\u00f3tudom\u00e1nyi Egyes\u00fclet tagfelv\u00e9teli k\u00e9relm\u00e9t a szervezet eln\u00f6ke, dr. Szekeres Attila Istv\u00e1n, a Nemzetk\u00f6zi C\u00edmertani Akad\u00e9mia levelez\u0151 tagja tartotta fenn. Elmondta, a 2014-ben alakult, k\u00f6vetkez\u0151 \u00e9v janu\u00e1r 6-\u00e1n hivatalosan bejegyzett Erd\u00e9lyi C\u00edmer- \u00e9s Z\u00e1szl\u00f3tudom\u00e1nyi Egyes\u00fclet sikeres nemzetk\u00f6zi szerepl\u00e9sei k\u00f6z\u00f6tt eml\u00edthet\u0151 el\u0151ad\u00e1ssal val\u00f3 r\u00e9szv\u00e9tel a 32., 33. \u00e9s 34. Geneal\u00f3giai \u00e9s C\u00edmertani Vil\u00e1gkongresszuson 2016-ban Glasgowban, 2018-ban a franciaorsz\u00e1gi Arrasban \u00e9s 2021-ben Madridban, a 27. Z\u00e1szl\u00f3tudom\u00e1nyi Vil\u00e1gkongresszuson 2017-ben Londonban, a 4. Eur\u00f3pai C\u00edmer- \u00e9s Z\u00e1szl\u00f3tudom\u00e1nyi Konferenci\u00e1n 2018-ban a lengyelorsz\u00e1gi Cieszynben, a Nemzetk\u00f6zi Geneal\u00f3giai Akad\u00e9mia 11. tudom\u00e1nyos kollokvium\u00e1n 2019-ben Vars\u00f3ban. Ezen k\u00edv\u00fcl sz\u00e1mos hazai konferenci\u00e1n val\u00f3 r\u00e9szv\u00e9tel, egy nemzetk\u00f6zi \u00e9s egy region\u00e1lis konferencia, c\u00edmerki\u00e1ll\u00edt\u00e1sok szervez\u00e9se, z\u00e1szl\u00f3ki\u00e1ll\u00edt\u00e1sok megnyit\u00e1sa szerepel a tev\u00e9kenys\u00e9gei k\u00f6z\u00f6tt. Az egyes\u00fclet partners\u00e9g\u00e9ben \u00f6t szakk\u00f6nyv jelent meg. Az egyes\u00fcletet 2019-ben tagj\u00e1v\u00e1 fogadta a Geneal\u00f3giai \u00e9s Heraldikai Vil\u00e1gsz\u00f6vets\u00e9g is.<\/p>\n<p class=\"body\">Az Eur\u00f3p\u00e1n k\u00edv\u00fcl \u00e9szak- \u00e9s d\u00e9l-amerikai, ausztr\u00e1liai, afrikai \u00e9s \u00e1zsiai r\u00e9szv\u00e9tellel zajl\u00f3 Z\u00e1szl\u00f3tudom\u00e1nyi Vil\u00e1gkongresszus nyit\u00f3 napj\u00e1n az egyetlen rom\u00e1niaik\u00e9nt, egyetlen magyark\u00e9nt r\u00e9szt vev\u0151 Szekeres Attila Istv\u00e1n is el\u0151ad\u00e1st tartott, Erd\u00e9lyi t\u00f6rt\u00e9nelmi z\u00e1szl\u00f3k c\u00edmmel. Ennek kert\u00e9ben bemutatta az egyes\u00fclet \u00e1ltal \u00f6ssze\u00e1ll\u00edtott Erd\u00e9lyi t\u00f6rt\u00e9nelmi z\u00e1szl\u00f3sort, amely eredeti z\u00e1szl\u00f3k m\u00e1solataib\u00f3l, illetve a szakirodalomb\u00f3l ismert z\u00e1szl\u00f3k rekonstrukci\u00f3ib\u00f3l tev\u0151dik \u00f6ssze.<\/p>\n<p class=\"body\">Az egyes\u00fclet eln\u00f6k\u00e9nek a Z\u00e1szl\u00f3tudom\u00e1nyi Vil\u00e1gkongresszuson val\u00f3 r\u00e9szv\u00e9tel\u00e9t, valamint az Erd\u00e9lyi t\u00f6rt\u00e9nelmi z\u00e1szl\u00f3sor kivitelez\u00e9s\u00e9t Kov\u00e1szna Megye Tan\u00e1csa \u00e9s Sepsiszentgy\u00f6rgy \u00f6nkorm\u00e1nyzata t\u00e1mogatta. A z\u00e1szl\u00f3sor kieg\u00e9sz\u00edt\u00e9s\u00e9hez Hargita Megye Tan\u00e1csa \u00e9s a zabolai Cs\u00e1ng\u00f3 N\u00e9prajzi M\u00fazeum adott k\u00f6lcs\u00f6n z\u00e1szl\u00f3kat a Sz\u00e9kely-, illetve a Magyar t\u00f6rt\u00e9nelmi z\u00e1szl\u00f3sorb\u00f3l. Az egyes\u00fclet \u00e9s eln\u00f6ke k\u00f6sz\u00f6net\u00e9t fejezi ki a t\u00e1mogat\u00e1s\u00e9rt.<\/p>\n<div id=\"attachment_1557\" style=\"width: 460px\" class=\"wp-caption aligncenter\"><img aria-describedby=\"caption-attachment-1557\" loading=\"lazy\" class=\"wp-image-1557\" src=\"https:\/\/www.szekeres.ro\/wp-content\/uploads\/2022\/08\/tamogat.jpg\" alt=\"\" width=\"450\" height=\"101\" \/><p id=\"caption-attachment-1557\" class=\"wp-caption-text\">T\u00e1mogat\u00f3k<\/p><\/div>\n<p>&nbsp;<\/p>\n<h3><strong>R\u00e9szv\u00e9tel a 34. Geneal\u00f3giai \u00e9s C\u00edmertani Vil\u00e1gkongresszuson<\/strong><\/h3>\n<p>Az erd\u00e9lyi rendek \u2013 v\u00e1rmegy\u00e9k, sz\u00e9kelyek \u00e9s sz\u00e1szok \u2013 c\u00edmerhaszn\u00e1lat\u00e1r\u00f3l tartott el\u0151ad\u00e1st dr. Szekeres Attila Istv\u00e1n, az Erd\u00e9lyi C\u00edmer- \u00e9s Z\u00e1szl\u00f3tudom\u00e1nyi Egyes\u00fclet eln\u00f6ke 2021. okt\u00f3ber 21-\u00e9n Madridban, az \u0151fels\u00e9ge, VI. F\u00fcl\u00f6p, Spanyolorsz\u00e1g kir\u00e1lya f\u0151v\u00e9dn\u00f6ks\u00e9g\u00e9vel okt\u00f3ber 20\u201323-a k\u00f6z\u00f6tt tartott 34. Geneal\u00f3giai \u00e9s C\u00edmertani Vil\u00e1gkongresszuson.<\/p>\n<p>Ez alkalommal (okt\u00f3ber 20-\u00e1n) tartott\u00e1k a Geneal\u00f3giai \u00e9s Heraldikai Vil\u00e1gsz\u00f6vets\u00e9g k\u00fcld\u00f6ttgy\u0171l\u00e9s\u00e9t, melyen szint\u00e9n r\u00e9szt vett az Egyes\u00fclet eln\u00f6ke. Szint\u00e9n ez alkalommal (okt\u00f3ber 21-\u00e9n) Madridban tartotta meg \u00e9ves k\u00f6zgy\u0171l\u00e9s\u00e9t a Nemzetk\u00f6zi C\u00edmertani Akad\u00e9mia, melynek Szekeres Attila Istv\u00e1n levelez\u0151 tagja.<\/p>\n<p>Az Erd\u00e9lyi C\u00edmer- \u00e9s Z\u00e1szl\u00f3tudom\u00e1nyi Egyes\u00fclet eln\u00f6k\u00e9nek a vil\u00e1gkongresszuson val\u00f3 r\u00e9szv\u00e9tel\u00e9t t\u00e1mogatta a Bethlen G\u00e1bor Alap. K\u00f6sz\u00f6net \u00e9rte!<\/p>\n<p><img loading=\"lazy\" class=\"aligncenter size-large wp-image-1536\" src=\"https:\/\/www.szekeres.ro\/wp-content\/uploads\/2022\/01\/logo-1024x229.jpg\" alt=\"\" width=\"450\" height=\"101\" srcset=\"https:\/\/www.szekeres.ro\/wp-content\/uploads\/2022\/01\/logo-1024x229.jpg 1024w, https:\/\/www.szekeres.ro\/wp-content\/uploads\/2022\/01\/logo-300x67.jpg 300w, https:\/\/www.szekeres.ro\/wp-content\/uploads\/2022\/01\/logo-768x171.jpg 768w\" sizes=\"(max-width: 450px) 100vw, 450px\" \/><\/p>\n<p>&nbsp;<\/p>","protected":false},"excerpt":{"rendered":"<p>a \u00a0Geneal\u00f3giai \u00e9s Heraldikai Vil\u00e1gsz\u00f6vets\u00e9g, valamint a Z\u00e1szl\u00f3tudom\u00e1nyi Egyes\u00fcletek Vil\u00e1gsz\u00f6vets\u00e9g\u00e9nek tagja Az Erd\u00e9lyi C\u00edmer- \u00e9s Z\u00e1szl\u00f3tudom\u00e1nyi Egyes\u00fclet c\u00e9lja az erd\u00e9lyi t\u00f6rt\u00e9nelmi jelk\u00e9pek \u2013 c\u00edmerek, pecs\u00e9tek, z\u00e1szl\u00f3k \u2013 kutat\u00e1sa, \u00e9s a kutat\u00e1si eredm\u00e9nyek n\u00e9pszer\u0171s\u00edt\u00e9se hazai magyar \u00e9s rom\u00e1n nyelv\u0171, magyarorsz\u00e1gi, valamint nemzetk\u00f6zi konferenci\u00e1kon, hazai \u00e9s k\u00fclf\u00f6ldi foly\u00f3iratokban. Tov\u00e1bb\u00e1 tematikus konferenci\u00e1k szervez\u00e9se, saj\u00e1t kiadv\u00e1nyok megjelentet\u00e9se. Az egyes\u00fclet [&hellip;]<\/p>\n","protected":false},"author":1,"featured_media":0,"parent":0,"menu_order":0,"comment_status":"closed","ping_status":"closed","template":"","meta":[],"_links":{"self":[{"href":"https:\/\/www.szekeres.ro\/index.php\/wp-json\/wp\/v2\/pages\/1523"}],"collection":[{"href":"https:\/\/www.szekeres.ro\/index.php\/wp-json\/wp\/v2\/pages"}],"about":[{"href":"https:\/\/www.szekeres.ro\/index.php\/wp-json\/wp\/v2\/types\/page"}],"author":[{"embeddable":true,"href":"https:\/\/www.szekeres.ro\/index.php\/wp-json\/wp\/v2\/users\/1"}],"replies":[{"embeddable":true,"href":"https:\/\/www.szekeres.ro\/index.php\/wp-json\/wp\/v2\/comments?post=1523"}],"version-history":[{"count":19,"href":"https:\/\/www.szekeres.ro\/index.php\/wp-json\/wp\/v2\/pages\/1523\/revisions"}],"predecessor-version":[{"id":1602,"href":"https:\/\/www.szekeres.ro\/index.php\/wp-json\/wp\/v2\/pages\/1523\/revisions\/1602"}],"wp:attachment":[{"href":"https:\/\/www.szekeres.ro\/index.php\/wp-json\/wp\/v2\/media?parent=1523"}],"curies":[{"name":"wp","href":"https:\/\/api.w.org\/{rel}","templated":true}]}}